{"id":862,"date":"2011-09-23T15:15:41","date_gmt":"2011-09-23T15:15:41","guid":{"rendered":"http:\/\/rttheme16.templatemints.com\/?page_id=5"},"modified":"2024-12-09T13:00:16","modified_gmt":"2024-12-09T12:00:16","slug":"about-us","status":"publish","type":"page","link":"http:\/\/www.glusica.me\/?page_id=862","title":{"rendered":"O nama"},"content":{"rendered":"<p><span style=\"font-family: Tahoma;\">Bavimo se prevozom putnika na me\u0111ugradskim relacijama: Nik\u0161i\u0107,\u00a0 Kotor, Podgorica, \u017dabljak i Bar;\u00a0 me\u0111unarodnim: Trebinje, Sarajevo, Beograd, Novi Sad, Vrbas.\u00a0U gradskom saobra\u0107aju Ozrini\u0107i i Krupac.<br><\/span><\/p>\n\n\n\n<p><span style=\"font-family: Tahoma;\">Kao agencija organizujemo izlete, ekskurzije, \u0161oping ture i sve ostale grupne prevoze po \u017eelji naru\u010dioca. Izme\u0111u ostalih posjedujemo vi\u0161e autobusa visoke turisti\u010dke klase (koji imaju: klimu, kafemat, tv-video sistem, wc&#8230;.)<\/span><\/p>\n\n\n\n<p><span style=\"font-family: Tahoma;\">Tako\u0111e posjedujemo poslovni centar sa vi\u0161e poslovnih prostora kancelarijskog tipa povr\u0161ina od 16 do 24 m2 kao i poslovne prostore na autobuskoj stanici Nik\u0161i\u0107.<\/span><\/p>\n\n\n\n<p><span style=\"font-family: Tahoma;\">Sjedi\u0161te firme je u ulici Baja Pivljanina 7a, Nik\u0161i\u0107<\/span><\/p>\n\n\n\n<p><span style=\"font-family: Tahoma;\">Radno vrijeme:<\/span><\/p>\n\n\n\n<p><span style=\"font-family: Tahoma;\">Od 07:00-15:00 (ponedeljak-petak)<\/span><\/p>\n\n\n\n<p>Od 08:00-14:00 (subota)<\/p>\n\n\n\n<div>&nbsp;<\/div>\n\n\n\n<p><span style=\"font-family: Tahoma;\">&nbsp;<a href=\"http:\/\/www.glusica.me\/wp-content\/uploads\/2011\/09\/Sertifikat_2019-GLUSICA.pdf\"><br><\/a><\/span><\/p>\n\n\n\n<p><iframe loading=\"lazy\" title=\"Glu\u0161ica Prevoz\" width=\"606\" height=\"455\" src=\"https:\/\/www.youtube.com\/embed\/eZrpiXWI-Lc?feature=oembed\" frameborder=\"0\" allow=\"accelerometer; autoplay; clipboard-write; encrypted-media; gyroscope; picture-in-picture; web-share\" referrerpolicy=\"strict-origin-when-cross-origin\" allowfullscreen><\/iframe><\/p>\n\n\n\n<figure class=\"wp-block-embed is-type-video is-provider-youtube wp-block-embed-youtube wp-embed-aspect-4-3 wp-has-aspect-ratio\"><div class=\"wp-block-embed__wrapper\">\n<iframe loading=\"lazy\" title=\"Glusica Prevoz\" width=\"606\" height=\"455\" src=\"https:\/\/www.youtube.com\/embed\/FOMpXDBDfsg?feature=oembed\" frameborder=\"0\" allow=\"accelerometer; autoplay; clipboard-write; encrypted-media; gyroscope; picture-in-picture; web-share\" referrerpolicy=\"strict-origin-when-cross-origin\" allowfullscreen><\/iframe>\n<\/div><\/figure>\n\n\n\n<div class=\"wp-block-image\"><figure class=\"aligncenter size-large\"><a href=\"http:\/\/www.glusica.me\/wp-content\/uploads\/2021\/05\/Iso9001.jpg\"><img loading=\"lazy\" width=\"554\" height=\"768\" src=\"http:\/\/www.glusica.me\/wp-content\/uploads\/2021\/05\/Iso9001.jpg\" alt=\"\" class=\"wp-image-2740\" srcset=\"http:\/\/www.glusica.me\/wp-content\/uploads\/2021\/05\/Iso9001.jpg 554w, http:\/\/www.glusica.me\/wp-content\/uploads\/2021\/05\/Iso9001-216x300.jpg 216w\" sizes=\"(max-width: 554px) 100vw, 554px\" \/><\/a><\/figure><\/div>","protected":false},"excerpt":{"rendered":"<p>Bavimo se prevozom putnika na me\u0111ugradskim relacijama: Nik\u0161i\u0107,\u00a0 Kotor, Podgorica, \u017dabljak i Bar;\u00a0 me\u0111unarodnim: Trebinje, Sarajevo, Beograd, Novi Sad, Vrbas.\u00a0U gradskom saobra\u0107aju Ozrini\u0107i i Krupac. Kao agencija organizujemo izlete, ekskurzije, \u0161oping ture i sve ostale grupne prevoze po \u017eelji naru\u010dioca. Izme\u0111u ostalih posjedujemo vi\u0161e autobusa visoke turisti\u010dke klase (koji imaju: klimu, kafemat, tv-video sistem, wc&#8230;.) [&hellip;]<\/p>\n","protected":false},"author":1,"featured_media":2606,"parent":0,"menu_order":0,"comment_status":"open","ping_status":"open","template":"","meta":[],"_links":{"self":[{"href":"http:\/\/www.glusica.me\/index.php?rest_route=\/wp\/v2\/pages\/862"}],"collection":[{"href":"http:\/\/www.glusica.me\/index.php?rest_route=\/wp\/v2\/pages"}],"about":[{"href":"http:\/\/www.glusica.me\/index.php?rest_route=\/wp\/v2\/types\/page"}],"author":[{"embeddable":true,"href":"http:\/\/www.glusica.me\/index.php?rest_route=\/wp\/v2\/users\/1"}],"replies":[{"embeddable":true,"href":"http:\/\/www.glusica.me\/index.php?rest_route=%2Fwp%2Fv2%2Fcomments&post=862"}],"version-history":[{"count":33,"href":"http:\/\/www.glusica.me\/index.php?rest_route=\/wp\/v2\/pages\/862\/revisions"}],"predecessor-version":[{"id":2918,"href":"http:\/\/www.glusica.me\/index.php?rest_route=\/wp\/v2\/pages\/862\/revisions\/2918"}],"wp:featuredmedia":[{"embeddable":true,"href":"http:\/\/www.glusica.me\/index.php?rest_route=\/wp\/v2\/media\/2606"}],"wp:attachment":[{"href":"http:\/\/www.glusica.me\/index.php?rest_route=%2Fwp%2Fv2%2Fmedia&parent=862"}],"curies":[{"name":"wp","href":"https:\/\/api.w.org\/{rel}","templated":true}]}}