{"id":1653,"date":"2013-05-07T00:36:49","date_gmt":"2013-05-06T22:36:49","guid":{"rendered":"http:\/\/www.glusica.me\/?page_id=1653"},"modified":"2026-04-23T12:48:26","modified_gmt":"2026-04-23T10:48:26","slug":"medugradske-linije","status":"publish","type":"page","link":"http:\/\/www.glusica.me\/?page_id=1653","title":{"rendered":"Me\u0111ugradske linije"},"content":{"rendered":"<div class=\"xdj266r x11i5rnm xat24cr x1mh8g0r x1vvkbs x126k92a\">\n<div dir=\"auto\" style=\"text-align: center;\"><\/div>\n<div dir=\"auto\" style=\"text-align: center;\">\u00a0Nik\u0161i\u0107 &#8211; Bar<\/div>\n<div dir=\"auto\" style=\"text-align: center;\">Polazak je radnim danima i subotom<\/div>\n<\/div>\n<div class=\"x11i5rnm xat24cr x1mh8g0r x1vvkbs xtlvy1s x126k92a\">\n<div dir=\"auto\">Polazak iz Nik\u0161i\u0107a u 08:05<\/div>\n<div dir=\"auto\">Polazak iz Podgorice u 09:05<\/div>\n<div dir=\"auto\"><\/div>\n<div dir=\"auto\">Povratak iz Bara u u 10:45<\/div>\n<\/div>\n<p style=\"text-align: center;\"><strong>\u00a0<\/strong><\/p>\n<p style=\"text-align: center;\"><strong>\u00a0<\/strong><\/p>\n<p style=\"text-align: center;\"><strong>Nik\u0161i\u0107 &#8211; Kotor:<\/strong> 14:15<\/p>\n<p style=\"text-align: center;\"><strong>Kotor &#8211; Nik\u0161i\u0107:<\/strong> 18:35<\/p>\n<p style=\"text-align: left;\">14:15 Nik\u0161i\u0107\u00a0 \u00a0 \u00a0 \u00a0 \u00a0 \u00a0 \u00a0 \u00a0 \u00a0 \u00a0\u00a0 \u00a0 \u00a021:53<\/p>\n<p style=\"text-align: left;\">14:23 Budo\u0161\u00a0 \u00a0 \u00a0 \u00a0 \u00a0 \u00a0 \u00a0 \u00a0 \u00a0 \u00a0 \u00a0 \u00a021:45<\/p>\n<p style=\"text-align: left;\">14:31 Bogeti\u0107i \u00a0 \u00a0 \u00a0 \u00a0 \u00a0 \u00a0 \u00a0 \u00a0 \u00a0 \u00a0 \u00a021:37<\/p>\n<p style=\"text-align: left;\">14:48 Danilovgrad \u00a0 \u00a0 \u00a0 \u00a0 \u00a0\u00a0 \u00a0\u00a0 21:20<\/p>\n<p style=\"text-align: left;\">15:15 Nik\u0161i\u0107ki put \u00a0 \u00a0 \u00a0 \u00a0 \u00a0 \u00a0 \u00a0 \u00a0 21:03<\/p>\n<p style=\"text-align: left;\">15:45 Podgorica \u00a0 \u00a0 \u00a0 \u00a0 \u00a0 \u00a0 \u00a0\u00a0 \u00a0 \u00a0 20:55<\/p>\n<p style=\"text-align: left;\">15:55 Cetinjski put \u00a0 \u00a0 \u00a0 \u00a0 \u00a0 \u00a0 \u00a0 20:39<\/p>\n<p style=\"text-align: left;\">16:07 Barutana \u00a0 \u00a0 \u00a0 \u00a0 \u00a0 \u00a0 \u00a0\u00a0 \u00a0 \u00a0\u00a0 20:30<\/p>\n<p style=\"text-align: left;\">16:23 Dobrsko Selo \u00a0 \u00a0 \u00a0\u00a0 \u00a0 \u00a0 \u00a0 \u00a020:08<\/p>\n<p style=\"text-align: left;\">16:35 Cetinje \u00a0 \u00a0 \u00a0 \u00a0 \u00a0 \u00a0 \u00a0 \u00a0 \u00a0 \u00a0\u00a0 \u00a0 \u00a020:00<\/p>\n<p style=\"text-align: left;\">16:40 O\u010dini\u0107i \u00a0 \u00a0 \u00a0 \u00a0 \u00a0 \u00a0 \u00a0 \u00a0 \u00a0\u00a0 \u00a0 \u00a0 \u00a019:55<\/p>\n<p style=\"text-align: left;\">16:50 Braji\u0107i \u00a0 \u00a0 \u00a0 \u00a0 \u00a0 \u00a0 \u00a0 \u00a0 \u00a0 \u00a0 \u00a0 \u00a0 \u00a019:45<\/p>\n<p style=\"text-align: left;\">17:10 Zavala \u00a0 \u00a0 \u00a0 \u00a0 \u00a0 \u00a0 \u00a0 \u00a0 \u00a0 \u00a0 \u00a0 \u00a0 \u00a019:25<\/p>\n<p style=\"text-align: left;\">17:20 Budva \u00a0 \u00a0 \u00a0 \u00a0 \u00a0 \u00a0 \u00a0 \u00a0 \u00a0 \u00a0 \u00a0 \u00a0 \u00a0 19:15<\/p>\n<p style=\"text-align: left;\">17:28 Lastva \u00a0 \u00a0 \u00a0 \u00a0 \u00a0 \u00a0 \u00a0 \u00a0 \u00a0 \u00a0 \u00a0 \u00a0 \u00a0 19:05<\/p>\n<p style=\"text-align: left;\">17:35 Radanovi\u0107i \u00a0 \u00a0 \u00a0 \u00a0 \u00a0 \u00a0 \u00a0 \u00a0 \u00a0 \u00a018:55<\/p>\n<p style=\"text-align: left;\">17:40 Jugodrvo(raskrsnica) \u00a0 \u00a0 \u00a018:50<\/p>\n<p style=\"text-align: left;\">17:55 A.S. Kotor \u00a0 \u00a0 \u00a0 \u00a0 \u00a0 \u00a0 \u00a0 \u00a0 \u00a0 \u00a0 \u00a018:35<\/p>\n<p style=\"text-align: left;\"><strong>Nik\u0161i\u0107 &#8211; Podgorica: \u00a0 \u00a0 \u00a0 \u00a0 \u00a0 \u00a0 \u00a0 \u00a0 \u00a0 \u00a0 \u00a0 \u00a0 \u00a0 \u00a0 \u00a0 \u00a0 \u00a0 \u00a0 \u00a0 \u00a0 \u00a0 \u00a0 \u00a0 \u00a0 \u00a0 \u00a0 \u00a0 \u00a0 \u00a0 \u00a0 \u00a0 \u00a0 \u00a0 \u00a0 \u00a0 \u00a0 \u00a0 \u00a0<strong>Podgorica &#8211; Nik\u0161i\u0107:<\/strong><\/strong><\/p>\n<p style=\"text-align: left;\">05:25\u00a0 \u00a0 \u00a0 \u00a0 \u00a0 \u00a0 \u00a0 \u00a0 \u00a0 \u00a0 \u00a0 \u00a0 \u00a0 \u00a0 \u00a0 \u00a0 \u00a0 \u00a0 \u00a0 \u00a0 \u00a0 \u00a0 \u00a0 \u00a0 \u00a0 \u00a0 \u00a0 \u00a0 \u00a0 \u00a0 \u00a0 \u00a0 \u00a0 \u00a0 \u00a0 \u00a0 \u00a0 \u00a0 \u00a0 \u00a0 \u00a0 \u00a0 \u00a0 \u00a0 \u00a0 \u00a0 \u00a0 \u00a0 \u00a0 \u00a0 \u00a0 \u00a0 \u00a0 \u00a0 \u00a006:30<\/p>\n<p style=\"text-align: left;\">06:05\u00a0 \u00a0 \u00a0 \u00a0 \u00a0 \u00a0 \u00a0 \u00a0 \u00a0 \u00a0 \u00a0 \u00a0 \u00a0 \u00a0 \u00a0 \u00a0 \u00a0 \u00a0 \u00a0 \u00a0 \u00a0 \u00a0 \u00a0 \u00a0 \u00a0 \u00a0 \u00a0 \u00a0 \u00a0 \u00a0 \u00a0 \u00a0 \u00a0 \u00a0 \u00a0 \u00a0 \u00a0 \u00a0 \u00a0 \u00a0 \u00a0 \u00a0 \u00a0 \u00a0 \u00a0 \u00a0 \u00a0 \u00a0 \u00a0 \u00a0 \u00a0 \u00a0 \u00a0 \u00a0 \u00a0 07:25<\/p>\n<p style=\"text-align: left;\">08:05\u00a0 \u00a0 \u00a0 \u00a0 \u00a0 \u00a0 \u00a0 \u00a0 \u00a0 \u00a0 \u00a0 \u00a0 \u00a0 \u00a0 \u00a0 \u00a0 \u00a0 \u00a0 \u00a0 \u00a0 \u00a0 \u00a0 \u00a0 \u00a0 \u00a0 \u00a0 \u00a0 \u00a0 \u00a0 \u00a0 \u00a0 \u00a0 \u00a0 \u00a0 \u00a0 \u00a0 \u00a0 \u00a0 \u00a0 \u00a0 \u00a0 \u00a0 \u00a0 \u00a0 \u00a0 \u00a0 \u00a0 \u00a0 \u00a0 \u00a0 \u00a0 \u00a0 \u00a0 \u00a0 \u00a0 09:50( nece saobracati do daljnjeg)<\/p>\n<p style=\"text-align: left;\">08:20\u00a0 \u00a0 \u00a0 \u00a0 \u00a0 \u00a0 \u00a0 \u00a0 \u00a0 \u00a0 \u00a0 \u00a0 \u00a0 \u00a0 \u00a0 \u00a0 \u00a0 \u00a0 \u00a0 \u00a0 \u00a0 \u00a0 \u00a0 \u00a0 \u00a0 \u00a0 \u00a0 \u00a0 \u00a0 \u00a0 \u00a0 \u00a0 \u00a0 \u00a0 \u00a0 \u00a0 \u00a0 \u00a0 \u00a0 \u00a0 \u00a0 \u00a0 \u00a0 \u00a0 \u00a0 \u00a0 \u00a0 \u00a0 \u00a0 \u00a0 \u00a0 \u00a0 \u00a0 \u00a0 10:45<\/p>\n<p style=\"text-align: left;\">\u00a009:10\u00a0 \u00a0 \u00a0 \u00a0 \u00a0 \u00a0 \u00a0 \u00a0 \u00a0 \u00a0 \u00a0 \u00a0 \u00a0 \u00a0 \u00a0 \u00a0 \u00a0 \u00a0 \u00a0 \u00a0 \u00a0 \u00a0 \u00a0 \u00a0 \u00a0 \u00a0 \u00a0 \u00a0 \u00a0 \u00a0 \u00a0 \u00a0 \u00a0 \u00a0 \u00a0 \u00a0 \u00a0 \u00a0 \u00a0 \u00a0 \u00a0 \u00a0 \u00a0 \u00a0 \u00a0 \u00a0 \u00a0 \u00a0 \u00a0 \u00a0 \u00a0 \u00a0 \u00a0 \u00a0 \u00a0 12:05<\/p>\n<address style=\"text-align: left;\">\u00a0 \u00a0 \u00a0 \u00a0 \u00a0 \u00a0 \u00a0 \u00a0 \u00a0 \u00a0 \u00a0 \u00a0 \u00a0 \u00a0 \u00a0 \u00a0 \u00a0 \u00a0 \u00a0 \u00a0 \u00a0 \u00a0 \u00a0 \u00a0 \u00a0 \u00a0 \u00a0 \u00a0 \u00a0 \u00a0 \u00a0 \u00a0 \u00a0 \u00a0 \u00a0 \u00a0 \u00a0 \u00a0 \u00a0 \u00a0 \u00a0 \u00a0 \u00a0 \u00a0 \u00a0 \u00a0 \u00a0 \u00a0 \u00a0 \u00a0 \u00a0 \u00a0 \u00a0 \u00a0 \u00a0 \u00a0 \u00a0 \u00a0 13:35 ( svaki drugi dan &#8211; Sarajevska linija)<\/address>\n<address style=\"text-align: left;\">\u00a0<\/address>\n<p style=\"text-align: left;\">12:10\u00a0 \u00a0 \u00a0 \u00a0 \u00a0 \u00a0 \u00a0 \u00a0 \u00a0 \u00a0 \u00a0 \u00a0 \u00a0 \u00a0 \u00a0 \u00a0 \u00a0 \u00a0 \u00a0 \u00a0 \u00a0 \u00a0 \u00a0 \u00a0 \u00a0 \u00a0 \u00a0 \u00a0 \u00a0 \u00a0 \u00a0 \u00a0 \u00a0 \u00a0 \u00a0 \u00a0 \u00a0 \u00a0 \u00a0 \u00a0 \u00a0 \u00a0 \u00a0 \u00a0 \u00a0 \u00a0 \u00a0 \u00a0 \u00a0 \u00a0 \u00a0 \u00a0 \u00a0 \u00a0 \u00a0 \u00a013:55<\/p>\n<p style=\"text-align: left;\">14:15\u00a0 \u00a0\u00a0 \u00a0 \u00a0 \u00a0 \u00a0 \u00a0 \u00a0 \u00a0 \u00a0 \u00a0 \u00a0 \u00a0 \u00a0 \u00a0 \u00a0 \u00a0 \u00a0 \u00a0 \u00a0 \u00a0 \u00a0 \u00a0 \u00a0 \u00a0 \u00a0 \u00a0 \u00a0 \u00a0 \u00a0 \u00a0 \u00a0 \u00a0 \u00a0 \u00a0 \u00a0 \u00a0 \u00a0 \u00a0 \u00a0 \u00a0 \u00a0 \u00a0 \u00a0 \u00a0 \u00a0 \u00a0 \u00a0 \u00a0 \u00a0 \u00a0 \u00a0 \u00a0 \u00a0 15:45<\/p>\n<p style=\"text-align: left;\">14:35<\/p>\n<p style=\"text-align: left;\">\u00a018:30\u00a0 \u00a0 \u00a0 \u00a0 \u00a0 \u00a0 \u00a0 \u00a0 \u00a0 \u00a0 \u00a0 \u00a0 \u00a0 \u00a0 \u00a0 \u00a0 \u00a0 \u00a0 \u00a0 \u00a0 \u00a0 \u00a0 \u00a0 \u00a0 \u00a0 \u00a0 \u00a0 \u00a0 \u00a0 \u00a0 \u00a0 \u00a0 \u00a0 \u00a0 \u00a0 \u00a0 \u00a0 \u00a0 \u00a0 \u00a0 \u00a0 \u00a0 \u00a0 \u00a0 \u00a0 \u00a0 \u00a0 \u00a0 \u00a0 \u00a0 \u00a0 \u00a0 \u00a0 \u00a0 \u00a0 \u00a019:45<\/p>\n<p style=\"text-align: left;\">19:30 ( nece saobra\u0107ati do daljnjeg)\u00a0 \u00a0 \u00a0 \u00a0 \u00a0 \u00a0 \u00a0 \u00a0 \u00a0 \u00a0 \u00a0 \u00a0 \u00a0 \u00a0 \u00a0 \u00a0 \u00a0 \u00a0 \u00a0 \u00a0 \u00a0 \u00a0 \u00a0 \u00a0 \u00a0 \u00a0 \u00a0 \u00a0 \u00a0 \u00a0 \u00a0 \u00a0 \u00a020:55<\/p>\n<p style=\"text-align: left;\">20:45;\u00a0 \u00a0 \u00a0 \u00a0 \u00a0 \u00a0 \u00a0 \u00a0 \u00a0 \u00a0 \u00a0 \u00a0 \u00a0 \u00a0 \u00a0 \u00a0 \u00a0 \u00a0 \u00a0 \u00a0 \u00a0 \u00a0 \u00a0 \u00a0 \u00a0 \u00a0 \u00a0 \u00a0 \u00a0 \u00a0 \u00a0 \u00a0 \u00a0 \u00a0 \u00a0 \u00a0 \u00a0 \u00a0 \u00a0 \u00a0 \u00a0 \u00a0 \u00a0 \u00a0 \u00a0 \u00a0 \u00a0 \u00a0 \u00a0 \u00a0 \u00a0 \u00a0 \u00a0 \u00a0 \u00a0 \u00a0 22:10<\/p>\n<p style=\"text-align: center;\"><strong>\u00a0Sezonska Podgorica-Nik\u0161i\u0107 -\u017dabljak ce saobra\u0107ati od 01.07.2023 do 01.10.2023&#x203c;&#xfe0f;<\/strong><\/p>\n<p style=\"text-align: center;\"><strong>Podgorica &#8211; \u017dabljak<\/strong>: 13:55<\/p>\n<p style=\"text-align: center;\"><strong>\u017dabljak &#8211; Podgorica<\/strong>: 19:00<\/p>\n<p style=\"text-align: left;\">13:55 A.S. Podgorica \u00a0 \u00a0\u00a0 \u00a0\u00a0 \u00a0 \u00a0\u00a0 \u00a0 \u00a021:43<\/p>\n<p style=\"text-align: left;\">14:03 Nik\u0161i\u0107ki put \u00a0 \u00a0 \u00a0 \u00a0 \u00a0\u00a0 \u00a0 \u00a0 \u00a0 \u00a0 \u00a021:35<\/p>\n<p style=\"text-align: left;\">14:20 \u00a0Danilovgrad \u00a0 \u00a0 \u00a0\u00a0 \u00a0 \u00a0 \u00a0\u00a0 \u00a0\u00a0 \u00a0 21:18<\/p>\n<p style=\"text-align: left;\">14:37 Bogeti\u0107i \u00a0 \u00a0 \u00a0\u00a0 \u00a0 \u00a0 \u00a0\u00a0 \u00a0 \u00a0 \u00a0 \u00a0\u00a0 \u00a0 \u00a0 21:01<\/p>\n<p style=\"text-align: left;\">15:05 A.S. Nik\u0161i\u0107 \u00a0 \u00a0 \u00a0 \u00a0 \u00a0 \u00a0 \u00a0 \u00a0 \u00a0 \u00a0 \u00a0 \u00a020:45<\/p>\n<p style=\"text-align: left;\">15:21 Vidrovan \u00a0 \u00a0 \u00a0 \u00a0 \u00a0 \u00a0 \u00a0 \u00a0 \u00a0 \u00a0 \u00a0 \u00a0 \u00a020:15<\/p>\n<p style=\"text-align: left;\">15:28 Jas. polje \u00a0 \u00a0 \u00a0 \u00a0 \u00a0 \u00a0 \u00a0 \u00a0 \u00a0 \u00a0 \u00a0 \u00a0 20:08<\/p>\n<p style=\"text-align: left;\">15:50 Kru\u0161evice \u00a0 \u00a0\u00a0 \u00a0 \u00a0 \u00a0 \u00a0\u00a0 \u00a0 \u00a0 \u00a0\u00a0 \u00a0\u00a0 19:50<\/p>\n<p style=\"text-align: left;\">15:58 Mokro \u00a0 \u00a0 \u00a0 \u00a0 \u00a0 \u00a0 \u00a0 \u00a0 \u00a0 \u00a0 \u00a0 \u00a0 \u00a0 \u00a0 \u00a019:43<\/p>\n<p style=\"text-align: left;\">16:08 \u0160avnik \u00a0 \u00a0 \u00a0 \u00a0 \u00a0 \u00a0 \u00a0 \u00a0 \u00a0 \u00a0 \u00a0 \u00a0 \u00a0 \u00a0\u00a0 19:34<\/p>\n<p style=\"text-align: left;\">16:15 Godijelja- Grabovica \u00a0 \u00a0 \u00a0 \u00a0 19:27<\/p>\n<p style=\"text-align: left;\">16:38 \u017dabljak \u00a0 \u00a0\u00a0 \u00a0 \u00a0 \u00a0 \u00a0 \u00a0 \u00a0 \u00a0 \u00a0 \u00a0 \u00a0 \u00a0 \u00a019:00<\/p>\n<p>[nggallery id=3]<\/p>","protected":false},"excerpt":{"rendered":"<p>\u00a0Nik\u0161i\u0107 &#8211; Bar Polazak je radnim danima i subotom Polazak iz Nik\u0161i\u0107a u 08:05 Polazak iz Podgorice u 09:05 Povratak iz Bara u u 10:45 \u00a0 \u00a0 Nik\u0161i\u0107 &#8211; Kotor: 14:15 Kotor &#8211; Nik\u0161i\u0107: 18:35 14:15 Nik\u0161i\u0107\u00a0 \u00a0 \u00a0 \u00a0 \u00a0 \u00a0 \u00a0 \u00a0 \u00a0 \u00a0\u00a0 \u00a0 \u00a021:53 14:23 Budo\u0161\u00a0 \u00a0 \u00a0 \u00a0 \u00a0 \u00a0 [&hellip;]<\/p>\n","protected":false},"author":1,"featured_media":2580,"parent":0,"menu_order":0,"comment_status":"open","ping_status":"open","template":"","meta":[],"_links":{"self":[{"href":"http:\/\/www.glusica.me\/index.php?rest_route=\/wp\/v2\/pages\/1653"}],"collection":[{"href":"http:\/\/www.glusica.me\/index.php?rest_route=\/wp\/v2\/pages"}],"about":[{"href":"http:\/\/www.glusica.me\/index.php?rest_route=\/wp\/v2\/types\/page"}],"author":[{"embeddable":true,"href":"http:\/\/www.glusica.me\/index.php?rest_route=\/wp\/v2\/users\/1"}],"replies":[{"embeddable":true,"href":"http:\/\/www.glusica.me\/index.php?rest_route=%2Fwp%2Fv2%2Fcomments&post=1653"}],"version-history":[{"count":117,"href":"http:\/\/www.glusica.me\/index.php?rest_route=\/wp\/v2\/pages\/1653\/revisions"}],"predecessor-version":[{"id":2964,"href":"http:\/\/www.glusica.me\/index.php?rest_route=\/wp\/v2\/pages\/1653\/revisions\/2964"}],"wp:featuredmedia":[{"embeddable":true,"href":"http:\/\/www.glusica.me\/index.php?rest_route=\/wp\/v2\/media\/2580"}],"wp:attachment":[{"href":"http:\/\/www.glusica.me\/index.php?rest_route=%2Fwp%2Fv2%2Fmedia&parent=1653"}],"curies":[{"name":"wp","href":"https:\/\/api.w.org\/{rel}","templated":true}]}}